{"id":995,"date":"2026-01-06T22:40:07","date_gmt":"2026-01-06T22:40:07","guid":{"rendered":"https:\/\/bushcrafter.org\/\u043f\u0440\u043e\u0438\u0437\u0432\u043e\u0434\/craftsmans-noz-hvk-gh-380210\/"},"modified":"2026-02-07T11:36:52","modified_gmt":"2026-02-07T11:36:52","slug":"craftsmans-noz-hvk-gh-380210","status":"publish","type":"product","link":"https:\/\/bushcrafter.org\/sr-latn\/\u043f\u0440\u043e\u0438\u0437\u0432\u043e\u0434\/craftsmans-noz-hvk-gh-380210\/","title":{"rendered":"Craftsman`s no\u017e HVK GH &#8211; 380210"},"content":{"rendered":"<h2>Karakteristike:<\/h2>\n<ul>\n<li>O\u0161trica je \u201eScandi\u201c, nao\u0161trena u nekoliko faza, sa kona\u010dnom obradom na ko\u017enom remenu.<\/li>\n<li>Dr\u0161ka i futrola su izra\u0111eni od super izdr\u017eljive PP plastike.<\/li>\n<li>Dr\u0161ka je izra\u0111ena od super izdr\u017eljive PP plastike sa <strong>Santoprene&#x2122; <\/strong>neklizaju\u0107im gripom.<\/li>\n<li>Futrola mo\u017ee da se pri\u010dvrsti za pojas i za dugme na radnoj ode\u0107i.<\/li>\n<\/ul>\n<h2>Tehni\u010dke informacije:<\/h2>\n<ul>\n<li>Ukupna du\u017eina: 208 mm<\/li>\n<li>Du\u017eina o\u0161trice: 93 mm<\/li>\n<li>Debljina o\u0161trice: 2,5 mm<\/li>\n<\/ul>\n","protected":false},"excerpt":{"rendered":"<p>Craftsman`s no\u017e sa neklizaju\u0107im gripom, napravljen za majstore i prilago\u0111en njihovim potrebama, sa o\u0161tricom izra\u0111enom od japanskog \u010delika. Ima jedinstvenu funkciju za pri\u010dvr\u0161\u0107ivanje futrole za dugme na radnoj ode\u0107i, tako da ne mo\u017ee da ispadne, ali da i dalje mo\u017ee lako da se skine. O\u0161trica je napravljena od karbon \u010delika debljine 2,5 mm, tvrdo\u0107e 58\u201360 HRC.  <\/p>\n","protected":false},"featured_media":996,"comment_status":"open","ping_status":"closed","template":"","meta":[],"product_brand":[],"product_cat":[66],"product_tag":[],"class_list":{"0":"post-995","1":"product","2":"type-product","3":"status-publish","4":"has-post-thumbnail","6":"product_cat-hultafors-nozevi","8":"first","9":"instock","10":"shipping-taxable","11":"purchasable","12":"product-type-simple"},"jetpack_sharing_enabled":true,"_links":{"self":[{"href":"https:\/\/bushcrafter.org\/sr-latn\/wp-json\/wp\/v2\/product\/995","targetHints":{"allow":["GET"]}}],"collection":[{"href":"https:\/\/bushcrafter.org\/sr-latn\/wp-json\/wp\/v2\/product"}],"about":[{"href":"https:\/\/bushcrafter.org\/sr-latn\/wp-json\/wp\/v2\/types\/product"}],"replies":[{"embeddable":true,"href":"https:\/\/bushcrafter.org\/sr-latn\/wp-json\/wp\/v2\/comments?post=995"}],"wp:featuredmedia":[{"embeddable":true,"href":"https:\/\/bushcrafter.org\/sr-latn\/wp-json\/wp\/v2\/media\/996"}],"wp:attachment":[{"href":"https:\/\/bushcrafter.org\/sr-latn\/wp-json\/wp\/v2\/media?parent=995"}],"wp:term":[{"taxonomy":"product_brand","embeddable":true,"href":"https:\/\/bushcrafter.org\/sr-latn\/wp-json\/wp\/v2\/product_brand?post=995"},{"taxonomy":"product_cat","embeddable":true,"href":"https:\/\/bushcrafter.org\/sr-latn\/wp-json\/wp\/v2\/product_cat?post=995"},{"taxonomy":"product_tag","embeddable":true,"href":"https:\/\/bushcrafter.org\/sr-latn\/wp-json\/wp\/v2\/product_tag?post=995"}],"curies":[{"name":"wp","href":"https:\/\/api.w.org\/{rel}","templated":true}]}}