{"id":989,"date":"2026-01-06T22:33:26","date_gmt":"2026-01-06T22:33:26","guid":{"rendered":"https:\/\/bushcrafter.org\/\u043f\u0440\u043e\u0438\u0437\u0432\u043e\u0434\/trekkers-little-helper-forsberg\/"},"modified":"2026-01-06T22:33:26","modified_gmt":"2026-01-06T22:33:26","slug":"trekkers-little-helper-forsberg","status":"publish","type":"product","link":"https:\/\/bushcrafter.org\/sr-latn\/\u043f\u0440\u043e\u0438\u0437\u0432\u043e\u0434\/trekkers-little-helper-forsberg\/","title":{"rendered":"Trekkers Little Helper&#x2122; \u201cForsberg\u201d"},"content":{"rendered":"<h2>Karakteristike:<\/h2>\n<ul>\n<li>Prava ko\u017ea.<\/li>\n<li>Impregnirana sa obe strane.<\/li>\n<li>Idealan za zapo\u010dinjanje i preme\u0161tanje vatre.<\/li>\n<li>\u0160titi od posekotina kada se deli drvo no\u017eem ili sekirom.<\/li>\n<li>Ima rupe u \u0107o\u0161kovima i ko\u017enu traku za lak\u0161e pri\u010dvr\u0161\u0107ivanje.<\/li>\n<\/ul>\n<h2>Tehni\u010dke informacije:<\/h2>\n<ul>\n<li>Dimenzije: 220 x 320 mm<\/li>\n<li>Debljina: 2 mm<\/li>\n<\/ul>\n","protected":false},"excerpt":{"rendered":"<p>Forsberg je svestran i koristan saputnik svima koji vole boravak u prirodi. Predstavlja idealnu za\u0161titu za butinu i koleno kada se radi no\u017eem ili sekirom blizu tela. Mo\u017ee da se koristi i kao za\u0161ti\u0107eno mesto za zapo\u010dinjanje vatre pri te\u0161kim vremenskim prilikama*. Impregnirana ko\u017ea ga \u010dini idealnom podlo\u0161kom za sedenje.   <\/p>\n<p>*Prirodna ko\u017ea je otporna na kratkotrajni kontakt sa vatrom stoga vatru ne treba dr\u017eati u Trekker\u2019s Little Helper&#x2122;-u vi\u0161e nego \u0161to je neophodno.<\/p>\n","protected":false},"featured_media":613,"comment_status":"open","ping_status":"closed","template":"","meta":[],"product_brand":[],"product_cat":[67],"product_tag":[],"class_list":{"0":"post-989","1":"product","2":"type-product","3":"status-publish","4":"has-post-thumbnail","6":"product_cat-hultafors-sekire","8":"first","9":"instock","10":"shipping-taxable","11":"purchasable","12":"product-type-simple"},"jetpack_sharing_enabled":true,"_links":{"self":[{"href":"https:\/\/bushcrafter.org\/sr-latn\/wp-json\/wp\/v2\/product\/989","targetHints":{"allow":["GET"]}}],"collection":[{"href":"https:\/\/bushcrafter.org\/sr-latn\/wp-json\/wp\/v2\/product"}],"about":[{"href":"https:\/\/bushcrafter.org\/sr-latn\/wp-json\/wp\/v2\/types\/product"}],"replies":[{"embeddable":true,"href":"https:\/\/bushcrafter.org\/sr-latn\/wp-json\/wp\/v2\/comments?post=989"}],"wp:featuredmedia":[{"embeddable":true,"href":"https:\/\/bushcrafter.org\/sr-latn\/wp-json\/wp\/v2\/media\/613"}],"wp:attachment":[{"href":"https:\/\/bushcrafter.org\/sr-latn\/wp-json\/wp\/v2\/media?parent=989"}],"wp:term":[{"taxonomy":"product_brand","embeddable":true,"href":"https:\/\/bushcrafter.org\/sr-latn\/wp-json\/wp\/v2\/product_brand?post=989"},{"taxonomy":"product_cat","embeddable":true,"href":"https:\/\/bushcrafter.org\/sr-latn\/wp-json\/wp\/v2\/product_cat?post=989"},{"taxonomy":"product_tag","embeddable":true,"href":"https:\/\/bushcrafter.org\/sr-latn\/wp-json\/wp\/v2\/product_tag?post=989"}],"curies":[{"name":"wp","href":"https:\/\/api.w.org\/{rel}","templated":true}]}}