{"id":987,"date":"2026-01-06T22:41:08","date_gmt":"2026-01-06T22:41:08","guid":{"rendered":"https:\/\/bushcrafter.org\/\u043f\u0440\u043e\u0438\u0437\u0432\u043e\u0434\/fire-steel-fs-kremen-380280\/"},"modified":"2026-01-06T22:41:08","modified_gmt":"2026-01-06T22:41:08","slug":"fire-steel-fs-kremen-380280","status":"publish","type":"product","link":"https:\/\/bushcrafter.org\/sr-latn\/\u043f\u0440\u043e\u0438\u0437\u0432\u043e\u0434\/fire-steel-fs-kremen-380280\/","title":{"rendered":"Fire Steel FS kremen &#8211; 380280"},"content":{"rendered":"<h2>Karakteristike:<\/h2>\n<ul>\n<li>Ovaj fire steel (kremen) se lako dr\u017ei u ruci, a vrpca pru\u017ea ekstra grip.<\/li>\n<li>Elasti\u010dna vrpca omogu\u0107ava da se kresivo osigura (pri\u010dvrsti) za dr\u017ea\u010d na futroli no\u017ea.<\/li>\n<li>Skoro ga je nemogu\u0107e potro\u0161iti. Mo\u017ee da se koristi hiljade puta. <\/li>\n<li>Obe strane kremena mogu da se koriste.<\/li>\n<\/ul>\n<h2>Tehni\u010dke informacije:<\/h2>\n<ul>\n<li>Du\u017eina: 100 mm<\/li>\n<li>Pre\u010dnik: 10 mm<\/li>\n<\/ul>\n","protected":false},"excerpt":{"rendered":"<p>Ekstra duga\u010dki i ekstra \u0161iroki fire steel (kremen) za bolju ergonomi\u010dnost i efiksnost. Du\u017eine 100 mm i pre\u010dnika 10 mm, ovaj fire still mo\u017ee da koristi pri svim vremenskim uslovima. Proizvodi varnice temperature blizu 3000\u00b0C. Najbolje radi u kombinaciji sa Hultafors Outdoor OK4 no\u017eem \u010dija futrola ima dr\u017ea\u010d za fire steel.   <\/p>\n","protected":false},"featured_media":657,"comment_status":"open","ping_status":"closed","template":"","meta":[],"product_brand":[],"product_cat":[65],"product_tag":[],"class_list":{"0":"post-987","1":"product","2":"type-product","3":"status-publish","4":"has-post-thumbnail","6":"product_cat-sredstva-za-paljenje-vatre","8":"first","9":"instock","10":"shipping-taxable","11":"purchasable","12":"product-type-simple"},"jetpack_sharing_enabled":true,"_links":{"self":[{"href":"https:\/\/bushcrafter.org\/sr-latn\/wp-json\/wp\/v2\/product\/987","targetHints":{"allow":["GET"]}}],"collection":[{"href":"https:\/\/bushcrafter.org\/sr-latn\/wp-json\/wp\/v2\/product"}],"about":[{"href":"https:\/\/bushcrafter.org\/sr-latn\/wp-json\/wp\/v2\/types\/product"}],"replies":[{"embeddable":true,"href":"https:\/\/bushcrafter.org\/sr-latn\/wp-json\/wp\/v2\/comments?post=987"}],"wp:featuredmedia":[{"embeddable":true,"href":"https:\/\/bushcrafter.org\/sr-latn\/wp-json\/wp\/v2\/media\/657"}],"wp:attachment":[{"href":"https:\/\/bushcrafter.org\/sr-latn\/wp-json\/wp\/v2\/media?parent=987"}],"wp:term":[{"taxonomy":"product_brand","embeddable":true,"href":"https:\/\/bushcrafter.org\/sr-latn\/wp-json\/wp\/v2\/product_brand?post=987"},{"taxonomy":"product_cat","embeddable":true,"href":"https:\/\/bushcrafter.org\/sr-latn\/wp-json\/wp\/v2\/product_cat?post=987"},{"taxonomy":"product_tag","embeddable":true,"href":"https:\/\/bushcrafter.org\/sr-latn\/wp-json\/wp\/v2\/product_tag?post=987"}],"curies":[{"name":"wp","href":"https:\/\/api.w.org\/{rel}","templated":true}]}}