{"id":985,"date":"2026-01-06T22:33:09","date_gmt":"2026-01-06T22:33:09","guid":{"rendered":"https:\/\/bushcrafter.org\/\u043f\u0440\u043e\u0438\u0437\u0432\u043e\u0434\/kozni-kais-115cm-x-40cm\/"},"modified":"2026-01-06T22:33:09","modified_gmt":"2026-01-06T22:33:09","slug":"kozni-kais-115cm-x-40cm","status":"publish","type":"product","link":"https:\/\/bushcrafter.org\/sr-latn\/\u043f\u0440\u043e\u0438\u0437\u0432\u043e\u0434\/kozni-kais-115cm-x-40cm\/","title":{"rendered":"Ko\u017eni kai\u0161 115cm x 40cm"},"content":{"rendered":"<h2>Karakteristike:<\/h2>\n<ul>\n<li>Braon ko\u017eni kai\u0161 sa ugraviranim klasi\u010dnim logotipom Hults Bruk-a.<\/li>\n<li>Kop\u010da se mo\u017ee skinuti sa trake, tako da kai\u0161 mo\u017ee da se skrati na \u017eeljenu du\u017einu.<\/li>\n<li>Kop\u010da ne sadr\u017ei hrom, nikl ni olovo.<\/li>\n<\/ul>\n<h2>Tehni\u010dke informacije:<\/h2>\n<ul>\n<li>Materijal: ko\u017ea<\/li>\n<li>Du\u017eina: 115 mm<\/li>\n<li>\u0160irina: 40 mm<\/li>\n<\/ul>\n","protected":false},"excerpt":{"rendered":"<p>Bezremenski kai\u0161 od biljno \u0161tavljene ko\u017ee, uskla\u0111en sa premium futrolama za sekire Hults Bruk i ostalim aksesoarima za sekire. \u0160irok je 40 mm i ima \u010dvrstu kop\u010du sa bronzanim premazom. Kop\u010da se mo\u017ee skinuti sa trake i kai\u0161 se mo\u017ee skratiti na \u017eeljenu du\u017einu (ne zaboravite da ponovo u\u010dvrstite \u0161av ako to uradite).  <\/p>\n<p>Kai\u0161 je proizveden u \u0160vedskoj od ko\u017ee \u0161vedskih krava i izra\u0111uje se uz najve\u0107u brigu za \u017eivotinje i \u017eivotnu sredinu. Ko\u017ea je biljno \u0161tavljena, punog zrna, za najbolju mogu\u0107u izdr\u017eljivost, a prirodni tretman omogu\u0107ava da s vremenom dobije prelepu patinu. <\/p>\n","protected":false},"featured_media":624,"comment_status":"open","ping_status":"closed","template":"","meta":[],"product_brand":[],"product_cat":[67],"product_tag":[],"class_list":{"0":"post-985","1":"product","2":"type-product","3":"status-publish","4":"has-post-thumbnail","6":"product_cat-hultafors-sekire","8":"first","9":"instock","10":"shipping-taxable","11":"purchasable","12":"product-type-simple"},"jetpack_sharing_enabled":true,"_links":{"self":[{"href":"https:\/\/bushcrafter.org\/sr-latn\/wp-json\/wp\/v2\/product\/985","targetHints":{"allow":["GET"]}}],"collection":[{"href":"https:\/\/bushcrafter.org\/sr-latn\/wp-json\/wp\/v2\/product"}],"about":[{"href":"https:\/\/bushcrafter.org\/sr-latn\/wp-json\/wp\/v2\/types\/product"}],"replies":[{"embeddable":true,"href":"https:\/\/bushcrafter.org\/sr-latn\/wp-json\/wp\/v2\/comments?post=985"}],"wp:featuredmedia":[{"embeddable":true,"href":"https:\/\/bushcrafter.org\/sr-latn\/wp-json\/wp\/v2\/media\/624"}],"wp:attachment":[{"href":"https:\/\/bushcrafter.org\/sr-latn\/wp-json\/wp\/v2\/media?parent=985"}],"wp:term":[{"taxonomy":"product_brand","embeddable":true,"href":"https:\/\/bushcrafter.org\/sr-latn\/wp-json\/wp\/v2\/product_brand?post=985"},{"taxonomy":"product_cat","embeddable":true,"href":"https:\/\/bushcrafter.org\/sr-latn\/wp-json\/wp\/v2\/product_cat?post=985"},{"taxonomy":"product_tag","embeddable":true,"href":"https:\/\/bushcrafter.org\/sr-latn\/wp-json\/wp\/v2\/product_tag?post=985"}],"curies":[{"name":"wp","href":"https:\/\/api.w.org\/{rel}","templated":true}]}}