{"id":983,"date":"2026-01-06T22:32:52","date_gmt":"2026-01-06T22:32:52","guid":{"rendered":"https:\/\/bushcrafter.org\/\u043f\u0440\u043e\u0438\u0437\u0432\u043e\u0434\/%d0%bd%d0%be%d1%81%d0%b0c-za-sekiru\/"},"modified":"2026-01-06T22:32:52","modified_gmt":"2026-01-06T22:32:52","slug":"%d0%bd%d0%be%d1%81%d0%b0c-za-sekiru","status":"publish","type":"product","link":"https:\/\/bushcrafter.org\/sr-latn\/\u043f\u0440\u043e\u0438\u0437\u0432\u043e\u0434\/%d0%bd%d0%be%d1%81%d0%b0c-za-sekiru\/","title":{"rendered":"\u041d\u043e\u0441\u0430\u010d za sekiru"},"content":{"rendered":"<h2>Karakteristike:<\/h2>\n<ul>\n<li>Odgovara Hultafors premijum sekirama: Agelsjon, Hultan, Aby, Dvardala, Ekelund i Qvarfot<\/li>\n<\/ul>\n<h2>Tehni\u010dke informacije:<\/h2>\n<ul>\n<li>Materijal: ko\u017ea<\/li>\n<li>Du\u017eina: 120 mm<\/li>\n<\/ul>\n","protected":false},"excerpt":{"rendered":"<p>Nosa\u010d za sekiru koji vam omogu\u0107ava da nosite svoju sekiru za pojasom i da je uvek imate pri ruci i spremnu za upotrebu. Imajte na umu da o\u0161trica sekire uvek treba da bude u za\u0161titnoj futroli dok je nosite za pojasom. Nosa\u010d je izra\u0111en u \u0160vedskoj od ko\u017ee \u0161vedskih krava i proizvedena uz najve\u0107u brigu o \u017eivotinjama i \u017eivotnoj sredini. Ko\u017ea je biljno \u0161tavljena, pune zrnaste strukture, za najbolju mogu\u0107u izdr\u017eljivost, a prirodni tretman zna\u010di da \u0107e s vremenom lepo stariti i dobiti patinu od upotrebe.   <\/p>\n","protected":false},"featured_media":627,"comment_status":"open","ping_status":"closed","template":"","meta":[],"product_brand":[],"product_cat":[67],"product_tag":[],"class_list":{"0":"post-983","1":"product","2":"type-product","3":"status-publish","4":"has-post-thumbnail","6":"product_cat-hultafors-sekire","8":"first","9":"instock","10":"shipping-taxable","11":"purchasable","12":"product-type-simple"},"jetpack_sharing_enabled":true,"_links":{"self":[{"href":"https:\/\/bushcrafter.org\/sr-latn\/wp-json\/wp\/v2\/product\/983","targetHints":{"allow":["GET"]}}],"collection":[{"href":"https:\/\/bushcrafter.org\/sr-latn\/wp-json\/wp\/v2\/product"}],"about":[{"href":"https:\/\/bushcrafter.org\/sr-latn\/wp-json\/wp\/v2\/types\/product"}],"replies":[{"embeddable":true,"href":"https:\/\/bushcrafter.org\/sr-latn\/wp-json\/wp\/v2\/comments?post=983"}],"wp:featuredmedia":[{"embeddable":true,"href":"https:\/\/bushcrafter.org\/sr-latn\/wp-json\/wp\/v2\/media\/627"}],"wp:attachment":[{"href":"https:\/\/bushcrafter.org\/sr-latn\/wp-json\/wp\/v2\/media?parent=983"}],"wp:term":[{"taxonomy":"product_brand","embeddable":true,"href":"https:\/\/bushcrafter.org\/sr-latn\/wp-json\/wp\/v2\/product_brand?post=983"},{"taxonomy":"product_cat","embeddable":true,"href":"https:\/\/bushcrafter.org\/sr-latn\/wp-json\/wp\/v2\/product_cat?post=983"},{"taxonomy":"product_tag","embeddable":true,"href":"https:\/\/bushcrafter.org\/sr-latn\/wp-json\/wp\/v2\/product_tag?post=983"}],"curies":[{"name":"wp","href":"https:\/\/api.w.org\/{rel}","templated":true}]}}