{"id":981,"date":"2026-01-06T22:32:16","date_gmt":"2026-01-06T22:32:16","guid":{"rendered":"https:\/\/bushcrafter.org\/\u043f\u0440\u043e\u0438\u0437\u0432\u043e\u0434\/kamen-za-ostrenje\/"},"modified":"2026-01-06T22:32:16","modified_gmt":"2026-01-06T22:32:16","slug":"kamen-za-ostrenje","status":"publish","type":"product","link":"https:\/\/bushcrafter.org\/sr-latn\/\u043f\u0440\u043e\u0438\u0437\u0432\u043e\u0434\/kamen-za-ostrenje\/","title":{"rendered":"Kamen za o\u0161trenje"},"content":{"rendered":"<h2>Karakteristike:<\/h2>\n<ul>\n<li>Idealan za sekire<\/li>\n<li>Gruba strana \u2013 granulacija 180<\/li>\n<li>Fina strana \u2013 granulacija 600<\/li>\n<\/ul>\n<h2>Tehni\u010dke informacije:<\/h2>\n<ul>\n<li>Pre\u010dnik: 75 mm<\/li>\n<li>Debljina: 25 mm<\/li>\n<li>Ukupna te\u017eina: 220 g<\/li>\n<\/ul>\n","protected":false},"excerpt":{"rendered":"<p>Sa ovim kamenom mo\u017eete lako i bezbedno da nao\u0161trite sekiru gde god da se nalazite. Dizajniran je tako da mo\u017ee sigurno da se dr\u017ei i da \u0161titi od posekotina. Elegantna futrola od prave ko\u017ee \u0161titi kamen i produ\u017eava njegov vek. Kamen ima dve strane, svetliju i tamniju. Tamnija strana je grublja (granulacija 180) dok je svetlija strana finija (granulacija 600) \u0161to je dobra kombinacija za vra\u0107anje o\u0161trine va\u0161e sekire. Za lak\u0161e o\u0161trenje preporu\u010duje se da se kamen nakvasi.<\/p>\n","protected":false},"featured_media":621,"comment_status":"open","ping_status":"closed","template":"","meta":[],"product_brand":[],"product_cat":[67],"product_tag":[],"class_list":{"0":"post-981","1":"product","2":"type-product","3":"status-publish","4":"has-post-thumbnail","6":"product_cat-hultafors-sekire","8":"first","9":"instock","10":"shipping-taxable","11":"purchasable","12":"product-type-simple"},"jetpack_sharing_enabled":true,"_links":{"self":[{"href":"https:\/\/bushcrafter.org\/sr-latn\/wp-json\/wp\/v2\/product\/981","targetHints":{"allow":["GET"]}}],"collection":[{"href":"https:\/\/bushcrafter.org\/sr-latn\/wp-json\/wp\/v2\/product"}],"about":[{"href":"https:\/\/bushcrafter.org\/sr-latn\/wp-json\/wp\/v2\/types\/product"}],"replies":[{"embeddable":true,"href":"https:\/\/bushcrafter.org\/sr-latn\/wp-json\/wp\/v2\/comments?post=981"}],"wp:featuredmedia":[{"embeddable":true,"href":"https:\/\/bushcrafter.org\/sr-latn\/wp-json\/wp\/v2\/media\/621"}],"wp:attachment":[{"href":"https:\/\/bushcrafter.org\/sr-latn\/wp-json\/wp\/v2\/media?parent=981"}],"wp:term":[{"taxonomy":"product_brand","embeddable":true,"href":"https:\/\/bushcrafter.org\/sr-latn\/wp-json\/wp\/v2\/product_brand?post=981"},{"taxonomy":"product_cat","embeddable":true,"href":"https:\/\/bushcrafter.org\/sr-latn\/wp-json\/wp\/v2\/product_cat?post=981"},{"taxonomy":"product_tag","embeddable":true,"href":"https:\/\/bushcrafter.org\/sr-latn\/wp-json\/wp\/v2\/product_tag?post=981"}],"curies":[{"name":"wp","href":"https:\/\/api.w.org\/{rel}","templated":true}]}}