{"id":979,"date":"2026-01-06T22:32:37","date_gmt":"2026-01-06T22:32:37","guid":{"rendered":"https:\/\/bushcrafter.org\/\u043f\u0440\u043e\u0438\u0437\u0432\u043e\u0434\/zastita-za-drzalo-sekire\/"},"modified":"2026-01-06T22:32:37","modified_gmt":"2026-01-06T22:32:37","slug":"zastita-za-drzalo-sekire","status":"publish","type":"product","link":"https:\/\/bushcrafter.org\/sr-latn\/\u043f\u0440\u043e\u0438\u0437\u0432\u043e\u0434\/zastita-za-drzalo-sekire\/","title":{"rendered":"Za\u0161tita za dr\u017ealo sekire"},"content":{"rendered":"<h2>Karakteristike:<\/h2>\n<ul>\n<li>Odgovara Hultafors premijum sekirama: Agelsjon, Hultan, Aby, Dvardala, Ekelund i Qvarfot.<\/li>\n<\/ul>\n<h2>Tehni\u010dke informacije:<\/h2>\n<ul>\n<li>Materijal: ko\u017ea<\/li>\n<li>Du\u017eina: 124 mm<\/li>\n<li>\u0160irina: 45 mm<\/li>\n<li>Visina: 50 mm<\/li>\n<\/ul>\n","protected":false},"excerpt":{"rendered":"<p>Ko\u017ena za\u0161tita za dr\u017ealo sekire od udarca koje \u0161titi deo dr\u017eala najbli\u017ei se\u010divu sekire, u slu\u010daju prekomernog zamaha (proma\u0161aja). Za\u0161tita se fiksira oko dr\u017eala pomo\u0107u prilo\u017eenih ko\u017enih vezica. Izra\u0111ena je u \u0160vedskoj od ko\u017ee \u0161vedskih krava i proizvedena uz najve\u0107u brigu o \u017eivotinjama i \u017eivotnoj sredini. Ko\u017ea je biljno \u0161tavljena, pune zrnaste strukture, za najbolju mogu\u0107u izdr\u017eljivost, a prirodni tretman zna\u010di da \u0107e s vremenom lepo stariti i dobiti patinu od no\u0161enja.<\/p>\n","protected":false},"featured_media":645,"comment_status":"open","ping_status":"closed","template":"","meta":[],"product_brand":[],"product_cat":[67],"product_tag":[],"class_list":{"0":"post-979","1":"product","2":"type-product","3":"status-publish","4":"has-post-thumbnail","6":"product_cat-hultafors-sekire","8":"first","9":"instock","10":"shipping-taxable","11":"purchasable","12":"product-type-simple"},"jetpack_sharing_enabled":true,"_links":{"self":[{"href":"https:\/\/bushcrafter.org\/sr-latn\/wp-json\/wp\/v2\/product\/979","targetHints":{"allow":["GET"]}}],"collection":[{"href":"https:\/\/bushcrafter.org\/sr-latn\/wp-json\/wp\/v2\/product"}],"about":[{"href":"https:\/\/bushcrafter.org\/sr-latn\/wp-json\/wp\/v2\/types\/product"}],"replies":[{"embeddable":true,"href":"https:\/\/bushcrafter.org\/sr-latn\/wp-json\/wp\/v2\/comments?post=979"}],"wp:featuredmedia":[{"embeddable":true,"href":"https:\/\/bushcrafter.org\/sr-latn\/wp-json\/wp\/v2\/media\/645"}],"wp:attachment":[{"href":"https:\/\/bushcrafter.org\/sr-latn\/wp-json\/wp\/v2\/media?parent=979"}],"wp:term":[{"taxonomy":"product_brand","embeddable":true,"href":"https:\/\/bushcrafter.org\/sr-latn\/wp-json\/wp\/v2\/product_brand?post=979"},{"taxonomy":"product_cat","embeddable":true,"href":"https:\/\/bushcrafter.org\/sr-latn\/wp-json\/wp\/v2\/product_cat?post=979"},{"taxonomy":"product_tag","embeddable":true,"href":"https:\/\/bushcrafter.org\/sr-latn\/wp-json\/wp\/v2\/product_tag?post=979"}],"curies":[{"name":"wp","href":"https:\/\/api.w.org\/{rel}","templated":true}]}}