{"id":966,"date":"2026-01-06T22:30:15","date_gmt":"2026-01-06T22:30:15","guid":{"rendered":"https:\/\/bushcrafter.org\/\u043f\u0440\u043e\u0438\u0437\u0432\u043e\u0434\/hultafors-mala-sekira\/"},"modified":"2026-01-06T22:30:15","modified_gmt":"2026-01-06T22:30:15","slug":"hultafors-mala-sekira","status":"publish","type":"product","link":"https:\/\/bushcrafter.org\/sr-latn\/\u043f\u0440\u043e\u0438\u0437\u0432\u043e\u0434\/hultafors-mala-sekira\/","title":{"rendered":"Hultafors mala sekira"},"content":{"rendered":"<h2>Karakteristike:<\/h2>\n<ul>\n<li>\u010celik je obra\u0111en vi\u0161e puta, \u010dime se pove\u0107ava njegova gustina i dugotrajnost.<\/li>\n<li>Ima \u010distu kaljenu zonu u kojoj sekira mo\u017ee da se o\u0161tri a da se pri tome ne smanjuje \u010dvrsto\u0107a o\u0161trice.<\/li>\n<li>Dr\u0161ka je napravljena od orahovog drveta i tretirana lanenim uljem.<\/li>\n<li>Isporu\u010duje se sa za\u0161titom za vrh sekire.<\/li>\n<\/ul>\n<h2>Tehni\u010dke informacije:<\/h2>\n<ul>\n<li>Materijal dr\u0161ke: orahovo drvo<\/li>\n<li>Du\u017eina dr\u0161ke: 375 mm<\/li>\n<li>Ukupna te\u017eina: 600 g<\/li>\n<\/ul>\n","protected":false},"excerpt":{"rendered":"<p>Mala sekira za pogodna za upotrebu u prirodi i za rad u ba\u0161ti.<\/p>\n<p>Sekira je ru\u010dno kovana, napravljena od \u0161vedskog \u010delika za sekire kori\u0161tenjem tradicionalnih metoda u upotrebi jo\u0161 od 1697. godine <\/p>\n","protected":false},"featured_media":614,"comment_status":"open","ping_status":"closed","template":"","meta":[],"product_brand":[],"product_cat":[67],"product_tag":[],"class_list":{"0":"post-966","1":"product","2":"type-product","3":"status-publish","4":"has-post-thumbnail","6":"product_cat-hultafors-sekire","8":"first","9":"instock","10":"shipping-taxable","11":"purchasable","12":"product-type-simple"},"jetpack_sharing_enabled":true,"_links":{"self":[{"href":"https:\/\/bushcrafter.org\/sr-latn\/wp-json\/wp\/v2\/product\/966","targetHints":{"allow":["GET"]}}],"collection":[{"href":"https:\/\/bushcrafter.org\/sr-latn\/wp-json\/wp\/v2\/product"}],"about":[{"href":"https:\/\/bushcrafter.org\/sr-latn\/wp-json\/wp\/v2\/types\/product"}],"replies":[{"embeddable":true,"href":"https:\/\/bushcrafter.org\/sr-latn\/wp-json\/wp\/v2\/comments?post=966"}],"wp:featuredmedia":[{"embeddable":true,"href":"https:\/\/bushcrafter.org\/sr-latn\/wp-json\/wp\/v2\/media\/614"}],"wp:attachment":[{"href":"https:\/\/bushcrafter.org\/sr-latn\/wp-json\/wp\/v2\/media?parent=966"}],"wp:term":[{"taxonomy":"product_brand","embeddable":true,"href":"https:\/\/bushcrafter.org\/sr-latn\/wp-json\/wp\/v2\/product_brand?post=966"},{"taxonomy":"product_cat","embeddable":true,"href":"https:\/\/bushcrafter.org\/sr-latn\/wp-json\/wp\/v2\/product_cat?post=966"},{"taxonomy":"product_tag","embeddable":true,"href":"https:\/\/bushcrafter.org\/sr-latn\/wp-json\/wp\/v2\/product_tag?post=966"}],"curies":[{"name":"wp","href":"https:\/\/api.w.org\/{rel}","templated":true}]}}