{"id":962,"date":"2026-01-06T22:29:46","date_gmt":"2026-01-06T22:29:46","guid":{"rendered":"https:\/\/bushcrafter.org\/\u043f\u0440\u043e\u0438\u0437\u0432\u043e\u0434\/ekelund-veca-lovacka-sekira\/"},"modified":"2026-01-06T22:29:46","modified_gmt":"2026-01-06T22:29:46","slug":"ekelund-veca-lovacka-sekira","status":"publish","type":"product","link":"https:\/\/bushcrafter.org\/sr-latn\/\u043f\u0440\u043e\u0438\u0437\u0432\u043e\u0434\/ekelund-veca-lovacka-sekira\/","title":{"rendered":"EKELUND Ve\u0107a lova\u010dka sekira"},"content":{"rendered":"<h2>Karakteristike:<\/h2>\n<ul>\n<li>Dr\u0161ka je napravljena od ameri\u010dkog oraha i tretirana lanenim uljem.<\/li>\n<li>Konveksna o\u0161trica.<\/li>\n<li>Sekira je nao\u0161trena, polirana i spremna za upotrebu.<\/li>\n<li>Isporu\u010duje se sa ko\u017enom za\u0161titom za vrh sekire.<\/li>\n<\/ul>\n<h2>Tehni\u010dke informacije:<\/h2>\n<ul>\n<li>Materijal dr\u0161ke: orahovo drvo<\/li>\n<li>Du\u017eina dr\u0161ke: 500 mm<\/li>\n<li>Te\u017eina glave: 850 g<\/li>\n<li>Ukupna te\u017eina: 1210 g<\/li>\n<\/ul>\n","protected":false},"excerpt":{"rendered":"<p>Sa glavom srednje te\u017eine, ova klasi\u010dna lova\u010dka sekira, je idealna za lak\u0161e radove u \u0161umi kao i za dranje divlja\u010di sa velikom precizno\u0161\u0107u. Sve to ovu sekiru \u010dini savr\u0161enim partnerom za lov. Tako\u0111e je idalan poklon za svakog pasioniranog lovca.<\/p>\n<p>Sekira je ru\u010dno kovana i napravljena od najkvalitetnijeg \u0161vedskog \u010delika u kova\u010dnici Hults Bruk kori\u0161\u0107enjem tradicionalanih metoda jo\u0161 od 1697. godine. Glava sekire se obra\u0111uje 40-60 puta kako bi se pove\u0107ala gustina i izdr\u017eljivost \u010delika. Uz malo pa\u017enje ova sekira \u0107e biti va\u0161 verni pratilac dugi niz godina. Zahvaljuju\u0107i kvalitetu i na\u010dinu izrade ove sekire, imate do\u017eivotnu garanciju na glavu sekire.<\/p>\n","protected":false},"featured_media":608,"comment_status":"open","ping_status":"closed","template":"","meta":[],"product_brand":[],"product_cat":[67],"product_tag":[],"class_list":{"0":"post-962","1":"product","2":"type-product","3":"status-publish","4":"has-post-thumbnail","6":"product_cat-hultafors-sekire","8":"first","9":"instock","10":"shipping-taxable","11":"purchasable","12":"product-type-simple"},"jetpack_sharing_enabled":true,"_links":{"self":[{"href":"https:\/\/bushcrafter.org\/sr-latn\/wp-json\/wp\/v2\/product\/962","targetHints":{"allow":["GET"]}}],"collection":[{"href":"https:\/\/bushcrafter.org\/sr-latn\/wp-json\/wp\/v2\/product"}],"about":[{"href":"https:\/\/bushcrafter.org\/sr-latn\/wp-json\/wp\/v2\/types\/product"}],"replies":[{"embeddable":true,"href":"https:\/\/bushcrafter.org\/sr-latn\/wp-json\/wp\/v2\/comments?post=962"}],"wp:featuredmedia":[{"embeddable":true,"href":"https:\/\/bushcrafter.org\/sr-latn\/wp-json\/wp\/v2\/media\/608"}],"wp:attachment":[{"href":"https:\/\/bushcrafter.org\/sr-latn\/wp-json\/wp\/v2\/media?parent=962"}],"wp:term":[{"taxonomy":"product_brand","embeddable":true,"href":"https:\/\/bushcrafter.org\/sr-latn\/wp-json\/wp\/v2\/product_brand?post=962"},{"taxonomy":"product_cat","embeddable":true,"href":"https:\/\/bushcrafter.org\/sr-latn\/wp-json\/wp\/v2\/product_cat?post=962"},{"taxonomy":"product_tag","embeddable":true,"href":"https:\/\/bushcrafter.org\/sr-latn\/wp-json\/wp\/v2\/product_tag?post=962"}],"curies":[{"name":"wp","href":"https:\/\/api.w.org\/{rel}","templated":true}]}}