{"id":958,"date":"2026-01-06T22:28:18","date_gmt":"2026-01-06T22:28:18","guid":{"rendered":"https:\/\/bushcrafter.org\/\u043f\u0440\u043e\u0438\u0437\u0432\u043e\u0434\/dvardala-lovacka-kamperska-sekira\/"},"modified":"2026-01-06T22:28:18","modified_gmt":"2026-01-06T22:28:18","slug":"dvardala-lovacka-kamperska-sekira","status":"publish","type":"product","link":"https:\/\/bushcrafter.org\/sr-latn\/\u043f\u0440\u043e\u0438\u0437\u0432\u043e\u0434\/dvardala-lovacka-kamperska-sekira\/","title":{"rendered":"Dvardala Lova\u010dka &amp; Kamperska sekira"},"content":{"rendered":"<h2>Karakteristike:<\/h2>\n<ul>\n<li>Ru\u010dno kovana od \u0161vedskog \u010delika sa neutralnim emisijama ugljen-dioksida.<\/li>\n<li>Poluprava o\u0161trica sa skandinavskim bru\u0161enjem \u2013 polirana, o\u0161tra i spremna za upotrebu.<\/li>\n<li>Drvena dr\u0161ka du\u017eine 440 mm od ameri\u010dkog hikori drveta iz porodice oraha, tretirana premazom od lanenog ulja.<\/li>\n<li>\u0413\u043b\u0430\u0432\u0430 \u0458\u0435 \u0444\u0438\u043a\u0441\u0438\u0440\u0430\u043d\u0430 \u0434\u0440\u0432\u0435\u043d\u0438\u043c \u043a\u043b\u0438\u043d\u043e\u043c \u0438 \u0447\u0435\u043b\u0438\u0447\u043d\u0438\u043c \u043f\u0440\u0441\u0442\u0435\u043d\u0430\u0441\u0442\u0438\u043c \u043a\u043b\u0438\u043d\u043e\u043c.<\/li>\n<li>Futrola je izra\u0111ena od biljno \u0161tavljene \u0161vedske pune boks ko\u017ee<\/li>\n<\/ul>\n<h2>\u0422\u0435\u0445\u043d\u0438\u0447\u043a\u0435 \u0438\u043d\u0444\u043e\u0440\u043c\u0430\u0446\u0438\u0458\u0435:<\/h2>\n<ul>\n<li>Materijal dr\u0161ke: hikori (Hickory)<\/li>\n<li>Tip dr\u0161ke: zakrivljena (Curved)<\/li>\n<li>Futrola (\u0161ifra): 840776<\/li>\n<li>Du\u017eina dr\u0161ke: 440 mm<\/li>\n<li>Te\u017eina glave: 700 g<\/li>\n<li>Ukupna du\u017eina: 450 mm<\/li>\n<li>\u0160irina: 175 mm<\/li>\n<li>Visina: 30 mm<\/li>\n<li>Ukupna te\u017eina: 960 g<\/li>\n<\/ul>\n","protected":false},"excerpt":{"rendered":"<p>Dvardala je premium sekira, savr\u0161ena za lov i \u017eivot u \u0161umi. Predstavlja kombinaciju vi\u0161e razli\u010ditih tipova sekira, idealna za dan proveden u prirodi, gde se mo\u017eete suo\u010diti s raznovrsnim izazovima. <\/p>\n<p>Ima istu glavu kao sekira Hultafors \u00c5by, ali je dr\u0161ka kra\u0107a \u2013 du\u017eine 440 mm \u2013 \u0161to je \u010dini prakti\u010dnijom za no\u0161enje, na primer u rancu. Kra\u0107a dr\u0161ka tako\u0111e olak\u0161ava rad sa sekirom u blizini korisnikovog tela. <\/p>\n<p>Sekira je pogodna za precizne zadatke poput rezbarenja, izrade zaklona, stalaka za vatru i drugih aktivnosti na kampovanju. Za to je zaslu\u017eno dobro oblikovano udubljennje za \u0161aku i poluprava o\u0161trica sa \u0161irokim i ravnim bru\u0161enjem. Udubljenje omogu\u0107ava da obuhvatite glavu sekire i upravljate njome uz maksimalnu kontrolu.  <\/p>\n<p>O\u0161trica je poluprava, sa ravnijim stranama koje omogu\u0107avaju da sekira stabilno le\u017ei na drvetu dok se\u010dete du\u017e drvenih vlakana. Ipak, dovoljno je zakrivljena da se mo\u017ee koristiti i za lak\u0161e \u0161umske radove poput ra\u0161\u010di\u0161\u0107avanja staze ili vatre. Glava sekire je ne\u0161to deblja u predelu obraza, \u0161to joj daje dobre sposobnosti cepanja drveta \u2013 idealna je i za se\u010denje drva za lo\u017eenje.  <\/p>\n<p>Dvardala je poklon koji \u0107e svaki lovac ceniti, a naravno mo\u017ee se koristiti i za obradu ulovljene divlja\u010di na terenu. Sekira je ru\u010dno kovana u Hults Bruk kova\u010dnici, u skladu s tradicijom koja datira jo\u0161 od 1697. godine. Glava sekire ima nominalnu te\u017einu od 0,7 kg i izra\u0111ena je od \u0161vedskog \u010delika sa neutralnim emisijama CO\u2082.   <\/p>\n<p>Poluprava o\u0161trica ima skandinavski tip bru\u0161enja, polirana je, o\u0161tra kao \u017eilet i spremna za upotrebu. Sekira ima zakrivljenu, usku dr\u0161ku sa izra\u017eenim zavr\u0161nim zadebljanjem za sigurniji hvat. Futrola je izra\u0111ena u \u0160vedskoj od ko\u017ee \u0161vedskih krava, uz maksimalnu brigu o \u017eivotinjama i za\u0161titi \u017eivotne sredine.  <\/p>\n<p>U pitanju je biljno \u0161tavljena puna boks ko\u017ea, koja pru\u017ea izuzetnu izdr\u017eljivost a prirodna obrada obezbe\u0111uje graciozno starenje materijala i patinirani izgled.<\/p>\n<p>Sekira je dobila ime po Dvardali, starom nazivu za \u0161umsko podru\u010dje severno od Hults Bruk-a. Tu po\u010dinje \u0161uma Kolm\u00e5rden, a sa planine Borgar u Dvardala regiji se pru\u017ea fantasti\u010dan pogled na krajolik poznat po odli\u010dnom lovu na divlja\u010d i divlje svinje. <\/p>\n<p>Brinite o svojoj sekiri i bi\u0107e vam veran saputnik dugi niz godina. Ponosni smo na majstorstvo i kvalitet izrade na\u0161ih sekira, te vam dajemo do\u017eivotnu garanciju na glavu sekire. <\/p>\n","protected":false},"featured_media":604,"comment_status":"open","ping_status":"closed","template":"","meta":[],"product_brand":[],"product_cat":[67],"product_tag":[],"class_list":{"0":"post-958","1":"product","2":"type-product","3":"status-publish","4":"has-post-thumbnail","6":"product_cat-hultafors-sekire","8":"first","9":"instock","10":"shipping-taxable","11":"purchasable","12":"product-type-simple"},"jetpack_sharing_enabled":true,"_links":{"self":[{"href":"https:\/\/bushcrafter.org\/sr-latn\/wp-json\/wp\/v2\/product\/958","targetHints":{"allow":["GET"]}}],"collection":[{"href":"https:\/\/bushcrafter.org\/sr-latn\/wp-json\/wp\/v2\/product"}],"about":[{"href":"https:\/\/bushcrafter.org\/sr-latn\/wp-json\/wp\/v2\/types\/product"}],"replies":[{"embeddable":true,"href":"https:\/\/bushcrafter.org\/sr-latn\/wp-json\/wp\/v2\/comments?post=958"}],"wp:featuredmedia":[{"embeddable":true,"href":"https:\/\/bushcrafter.org\/sr-latn\/wp-json\/wp\/v2\/media\/604"}],"wp:attachment":[{"href":"https:\/\/bushcrafter.org\/sr-latn\/wp-json\/wp\/v2\/media?parent=958"}],"wp:term":[{"taxonomy":"product_brand","embeddable":true,"href":"https:\/\/bushcrafter.org\/sr-latn\/wp-json\/wp\/v2\/product_brand?post=958"},{"taxonomy":"product_cat","embeddable":true,"href":"https:\/\/bushcrafter.org\/sr-latn\/wp-json\/wp\/v2\/product_cat?post=958"},{"taxonomy":"product_tag","embeddable":true,"href":"https:\/\/bushcrafter.org\/sr-latn\/wp-json\/wp\/v2\/product_tag?post=958"}],"curies":[{"name":"wp","href":"https:\/\/api.w.org\/{rel}","templated":true}]}}