{"id":909,"date":"2025-08-26T17:13:25","date_gmt":"2025-08-26T17:13:25","guid":{"rendered":"https:\/\/bushcrafter.org\/\u043f\u0440\u043e\u0438\u0437\u0432\u043e\u0434\/obrada-drveta\/"},"modified":"2025-08-26T17:13:25","modified_gmt":"2025-08-26T17:13:25","slug":"obrada-drveta","status":"publish","type":"product","link":"https:\/\/bushcrafter.org\/sr-latn\/\u043f\u0440\u043e\u0438\u0437\u0432\u043e\u0434\/obrada-drveta\/","title":{"rendered":"OBRADA DRVETA"},"content":{"rendered":"<h3><span style=\"color: #99cc00;\"><b>Za\u0161to poha\u0111ati ovaj kurs?<\/b><\/span><\/h3>\n<ul>\n<li>Obrada drveta ru\u010dnim alatima ima posebnu \u010dar, kurs se odr\u017eava u kampu u \u0161umi, nema zaglu\u0161uju\u0107e buke elektri\u010dnih aparata, ve\u0107 se samo \u010duje \u0161kripa no\u017ea, svaki udarac sekire i rezak zvuk testere, a sve to prati o\u010daravaju\u0107i miris drveta.<\/li>\n<li>Ima\u0107e\u0161 priliku da iskusi\u0161 ose\u0107aj zadovoljstva kada materijalizuje\u0161 svoju zamisao i vidi\u0161 produkt svog ru\u010dnog rada.<\/li>\n<li>Nakon celodnevnog rada, svako ve\u010de sumiramo utiske uz zvuk gitare i toplotu logorske vatre.<\/li>\n<\/ul>\n<h3><span style=\"color: #99cc00;\"><b>Kome je namenjen ovaj kurs?<\/b><\/span><\/h3>\n<p>Za poha\u0111anje ovog kursa nije potrebno prethodno znanje u rukovanju alatima za obradu drveta. Svi koji \u017eele da nau\u010de da dele i rezbare drvo su dobrodo\u0161li. <\/p>\n<h3><span style=\"color: #99cc00;\"><b>Starosna granica:<\/b><\/span><\/h3>\n<ul>\n<li>Na kursu mogu u\u010destvovati svi koji su stariji od 16 godina.<\/li>\n<li>Maloletna lica mogu u\u010destvovati samo uz pratnju roditelja.<\/li>\n<\/ul>\n<h3><span style=\"color: #99cc00;\"><b>Na kursu \u0107e se praviti:<\/b><\/span><\/h3>\n<ul>\n<li>ka\u0161ika<\/li>\n<li>\u0161olja<\/li>\n<li>drveni \u010deki\u0107<\/li>\n<li>radna klupa<\/li>\n<li>ram testera<\/li>\n<li>dr\u017ealica za sekiru<\/li>\n<li>trono\u0161ka<\/li>\n<\/ul>\n<h3><span style=\"color: #99cc00;\"><b>Obavezna oprema:<\/b><\/span><\/h3>\n<ul>\n<li>ko\u017ene radne rukavice<\/li>\n<li>ode\u0107a u skladu sa vremenskom prognozom<span class=\"Apple-converted-space\"> <\/span><\/li>\n<li>\u010deona lampa<\/li>\n<li>fla\u0161a za vodu<\/li>\n<li>sveska i olovka za bele\u0161ke<\/li>\n<li>list za testeru (54cm)<\/li>\n<\/ul>\n<h3><b><span style=\"color: #99cc00;\">Oprema potrebna za rad (ko ne ponese bi\u0107e obezbe\u0111ena):<\/span> <\/b><\/h3>\n<ul>\n<li>bu\u0161kraft no\u017e<\/li>\n<li>no\u017e za rezbarenje<\/li>\n<li>kuka no\u017e<\/li>\n<li>kamen za o\u0161trenje<\/li>\n<li>sekira (kratka dr\u0161ka)<\/li>\n<li>stolarska testera<\/li>\n<li>maklja<\/li>\n<li>ru\u010dno svrdlo<\/li>\n<li>turpija za drvo<\/li>\n<li>\u0161mirgle (60, 100, 150)<\/li>\n<\/ul>\n<h3><span style=\"color: #99cc00;\"><b>Va\u017ene informacije:<\/b><\/span><\/h3>\n<ul>\n<li><b>Trajanje kursa: <\/b>po\u010detak je u \u010detvrtak u 10:00, a zavr\u0161ava se u nedelju u 16:00 \u010dasova<\/li>\n<li><b>Lokacija:<\/b> planina Tara, kamp <span style=\"color: #339966;\"><a style=\"color: #339966;\" href=\"https:\/\/maps.app.goo.gl\/Mx7jmAeh14cURtru7\"><strong>\u0160umska jurta<\/strong><\/a><\/span> 5km od Bajine Ba\u0161te, poslednjih 500m makadam<\/li>\n<li>Ceo kurs se odr\u017eava u kampu<\/li>\n<li>Broj polaznika je ograni\u010den na <b>8<\/b><b><\/b><\/li>\n<\/ul>\n<h3><span style=\"color: #99cc00;\"><b>U kampu:<\/b><\/span><\/h3>\n<ul>\n<li>Uklju\u010deni su ru\u010dak i ve\u010dera u \u010detvrtak, sva tri obroka u petak i subotu, a u nedelju doru\u010dak i ru\u010dak<\/li>\n<li>Spavanje je u jurtama, mongolskim okruglim \u0161atorima<span class=\"Apple-converted-space\"> <\/span><\/li>\n<li>Postoji poljski kompostni tolalet sa dve kabine, teku\u0107om izvorskom vodom i tu\u0161evima<\/li>\n<li>Vozila se mogu parkirati 100m od kampa (zbog ograni\u010denog broja parking mesta, najbolje je kada se u\u010desnici me\u0111usobno organizuju da podele prevoz)<\/li>\n<\/ul>\n","protected":false},"excerpt":{"rendered":"<p>Svaki bu\u0161krafter kada savlada osnovne ve\u0161tine po\u010dinje da se bavi izradom svojih alata koje \u0107e koristiti u kampu. Pored kovanja i rada sa ko\u017eom, obrada drveta je jedan od osnovnih zanata. Nekada su na\u0161i ljudi koji su \u017eiveli na selu sav drveni alat pravili sami. Cilj ovog kursa je da ponovo o\u017eivi te ve\u0161tine i da polaznike obu\u010di kako da oblikuju drvo onako kako zamisli. U radu \u0107emo koristiti jednostavne ru\u010dne alate koji se lako mogu poneti sa sobom na teren kada se boravi u prirodi.    <\/p>\n","protected":false},"featured_media":334,"comment_status":"open","ping_status":"closed","template":"","meta":[],"product_brand":[],"product_cat":[57],"product_tag":[75],"class_list":{"0":"post-909","1":"product","2":"type-product","3":"status-publish","4":"has-post-thumbnail","6":"product_cat-kursevi","7":"product_tag-75","9":"first","10":"instock","11":"shipping-taxable","12":"purchasable","13":"product-type-variable"},"jetpack_sharing_enabled":true,"_links":{"self":[{"href":"https:\/\/bushcrafter.org\/sr-latn\/wp-json\/wp\/v2\/product\/909","targetHints":{"allow":["GET"]}}],"collection":[{"href":"https:\/\/bushcrafter.org\/sr-latn\/wp-json\/wp\/v2\/product"}],"about":[{"href":"https:\/\/bushcrafter.org\/sr-latn\/wp-json\/wp\/v2\/types\/product"}],"replies":[{"embeddable":true,"href":"https:\/\/bushcrafter.org\/sr-latn\/wp-json\/wp\/v2\/comments?post=909"}],"wp:featuredmedia":[{"embeddable":true,"href":"https:\/\/bushcrafter.org\/sr-latn\/wp-json\/wp\/v2\/media\/334"}],"wp:attachment":[{"href":"https:\/\/bushcrafter.org\/sr-latn\/wp-json\/wp\/v2\/media?parent=909"}],"wp:term":[{"taxonomy":"product_brand","embeddable":true,"href":"https:\/\/bushcrafter.org\/sr-latn\/wp-json\/wp\/v2\/product_brand?post=909"},{"taxonomy":"product_cat","embeddable":true,"href":"https:\/\/bushcrafter.org\/sr-latn\/wp-json\/wp\/v2\/product_cat?post=909"},{"taxonomy":"product_tag","embeddable":true,"href":"https:\/\/bushcrafter.org\/sr-latn\/wp-json\/wp\/v2\/product_tag?post=909"}],"curies":[{"name":"wp","href":"https:\/\/api.w.org\/{rel}","templated":true}]}}