{"id":1029,"date":"2026-01-06T22:46:06","date_gmt":"2026-01-06T22:46:06","guid":{"rendered":"https:\/\/bushcrafter.org\/\u043f\u0440\u043e\u0438\u0437\u0432\u043e\u0434\/pocketboy-130-10mm\/"},"modified":"2026-01-06T22:46:06","modified_gmt":"2026-01-06T22:46:06","slug":"pocketboy-130-10mm","status":"publish","type":"product","link":"https:\/\/bushcrafter.org\/sr-latn\/\u043f\u0440\u043e\u0438\u0437\u0432\u043e\u0434\/pocketboy-130-10mm\/","title":{"rendered":"Pocketboy 130-10mm"},"content":{"rendered":"<h2><strong>Karakteristike:<\/strong>:<\/h2>\n<ul>\n<li>Kada ne koristite Pocketboy, se\u010divo se lako sklapa pomo\u0107u mehanizma za zaklju\u010davanje. O\u0161tri zubi su bezbedno pokriveni jer su potpuno skriveni u dr\u0161ci.<\/li>\n<li>Kada je testera potrebna, mo\u017ee se jednostavno rasklopiti zahvaljuju\u0107i zarezu na se\u010divu, \u010dak i kada nosite rukavice.<\/li>\n<li>Se\u010divo se bezbedno zaklju\u010dava u dva razli\u010dita polo\u017eaja pomo\u0107u mehanizma za zaklju\u010davanje.<\/li>\n<li>Gumena ru\u010dka apsorbuje vibracije i nudi savr\u0161eno prianjanje. Pocketboy je udoban u ruci, \u010dak i nakon du\u017ee upotrebe.<\/li>\n<li>Rupa na dr\u0161ci nudi mogu\u0107nost pri\u010dvr\u0161\u0107ivanja u\u017eeta ili karabinera na testeru.<\/li>\n<li>Mo\u017eete nositi Pocketboy na pojasu u providnoj tvrdoj futroli u kojoj se standardno isporu\u010duje.<\/li>\n<li>Ova sklopiva testera se tako\u0111e mo\u017ee lako odlo\u017eiti u kutiju za alat.<\/li>\n<li>Izuzetan kapacitet se\u010denja Pocketboy-a dao je ovoj testeri nadimak \u201eMali d\u017ein\u201c.<\/li>\n<\/ul>\n<h2>Tehni\u010dke informacije:<\/h2>\n<ul>\n<li class=\"li1\">Autenti\u010dni premijum japanski \u010delik<\/li>\n<li class=\"li1\">Du\u017eina se\u010diva: 130 mm<\/li>\n<li class=\"li1\">Zubi: 10 zubaca na 30 mm<\/li>\n<li class=\"li1\">Dimenzije u rasklopljenom stanju: 290 x 60 x 25 mm<\/li>\n<li class=\"li1\">Dimenzije sklopljene: 170 x 55 x 25 mm<\/li>\n<li class=\"li1\">Te\u017eina: 170 g<\/li>\n<li class=\"li1\">Prorez: 1,4 mm<\/li>\n<\/ul>\n","protected":false},"excerpt":{"rendered":"<p>Ova multifunkcionalna testera za orezivanje je savr\u0161ena za sve vrste aktivnosti u vezi orezivanja u va\u0161oj ba\u0161ti. Nemojte da vas zavara veli\u010dina Pocketboy-a. Ova mala testera pru\u017ea odli\u010dne performanse! A po\u0161to Pocketboy lako stane u va\u0161 d\u017eep, ovu testeru uvek mo\u017eete imati pri ruci.<\/p>\n<p>Pocketboy je lagan i savr\u0161eno izbalansiran. Testerisanje je izuzetno glatko sa ovom testerom i mo\u017eete da radite u najgu\u0161\u0107e obraslim prostorima. Orezivanje nikada ranije nije bilo tako zabavno kao sada!<\/p>\n<p>U slu\u010daju da niste navikli na testerisanje Silky vu\u010dnom testerom, imajte na umu o\u0161tre zube koji brzo prolaze kroz drvo. \u010cak i nakon \u010deste upotrebe, zubi ostaju veoma dugo o\u0161tri, tako da \u0107e uvek iznova ostati glatki rez od kojeg se drvo dobro i brzo oporavlja.<\/p>\n","protected":false},"featured_media":709,"comment_status":"open","ping_status":"closed","template":"","meta":[],"product_brand":[],"product_cat":[62],"product_tag":[],"class_list":{"0":"post-1029","1":"product","2":"type-product","3":"status-publish","4":"has-post-thumbnail","6":"product_cat-silky-rucne-testere","8":"first","9":"instock","10":"shipping-taxable","11":"purchasable","12":"product-type-simple"},"jetpack_sharing_enabled":true,"_links":{"self":[{"href":"https:\/\/bushcrafter.org\/sr-latn\/wp-json\/wp\/v2\/product\/1029","targetHints":{"allow":["GET"]}}],"collection":[{"href":"https:\/\/bushcrafter.org\/sr-latn\/wp-json\/wp\/v2\/product"}],"about":[{"href":"https:\/\/bushcrafter.org\/sr-latn\/wp-json\/wp\/v2\/types\/product"}],"replies":[{"embeddable":true,"href":"https:\/\/bushcrafter.org\/sr-latn\/wp-json\/wp\/v2\/comments?post=1029"}],"wp:featuredmedia":[{"embeddable":true,"href":"https:\/\/bushcrafter.org\/sr-latn\/wp-json\/wp\/v2\/media\/709"}],"wp:attachment":[{"href":"https:\/\/bushcrafter.org\/sr-latn\/wp-json\/wp\/v2\/media?parent=1029"}],"wp:term":[{"taxonomy":"product_brand","embeddable":true,"href":"https:\/\/bushcrafter.org\/sr-latn\/wp-json\/wp\/v2\/product_brand?post=1029"},{"taxonomy":"product_cat","embeddable":true,"href":"https:\/\/bushcrafter.org\/sr-latn\/wp-json\/wp\/v2\/product_cat?post=1029"},{"taxonomy":"product_tag","embeddable":true,"href":"https:\/\/bushcrafter.org\/sr-latn\/wp-json\/wp\/v2\/product_tag?post=1029"}],"curies":[{"name":"wp","href":"https:\/\/api.w.org\/{rel}","templated":true}]}}