{"id":1025,"date":"2026-01-06T22:45:46","date_gmt":"2026-01-06T22:45:46","guid":{"rendered":"https:\/\/bushcrafter.org\/\u043f\u0440\u043e\u0438\u0437\u0432\u043e\u0434\/nata-240mm\/"},"modified":"2026-01-06T22:45:46","modified_gmt":"2026-01-06T22:45:46","slug":"nata-240mm","status":"publish","type":"product","link":"https:\/\/bushcrafter.org\/sr-latn\/\u043f\u0440\u043e\u0438\u0437\u0432\u043e\u0434\/nata-240mm\/","title":{"rendered":"NATA 240mm"},"content":{"rendered":"<h2>Tehni\u010dke informacije:<\/h2>\n<ul>\n<li class=\"li1\">Autenti\u010dni premijum japanski \u010delik ( SKS-51 )<\/li>\n<li class=\"li1\">Du\u017eina se\u010diva: 240 mm<\/li>\n<li class=\"li1\">Dimenzije: 460 x 125 x 45 mm<\/li>\n<li class=\"li1\">Te\u017eina: 875 g<\/li>\n<\/ul>\n","protected":false},"excerpt":{"rendered":"<p>U nekim slu\u010dajevima, cepanje je br\u017ee od testerisanja ili se\u010denja. Nata je spoj no\u017ea i sekire u jednom alatu. Dolazi sa tvrdom plasti\u010dnom futrolom sa metalnim oja\u010danjima i brzom kop\u010dom za kai\u0161 radi lak\u0161eg no\u0161enja. Zbog svoje geometrije i te\u017eine Nata je vrlo pogodna za cepanje drva, kr\u010denje rastinja i razne druge poslove oko kampa. Full tang o\u0161trica je napravljena od posebne legure \u010delika ( SKS-51 ) i prolazi kroz ru\u010dku pod blagim uglom za savr\u0161en zamah. Udobna Genki ru\u010dka sastoji se od dva gumena dela koji obuhvataju \u010delik bez ikakvih \u0161rafova ili matice te pru\u017ea najbolji hvat i maksimalnu apsorpciju vibracija.     <\/p>\n","protected":false},"featured_media":700,"comment_status":"open","ping_status":"closed","template":"","meta":[],"product_brand":[],"product_cat":[62],"product_tag":[],"class_list":{"0":"post-1025","1":"product","2":"type-product","3":"status-publish","4":"has-post-thumbnail","6":"product_cat-silky-rucne-testere","8":"first","9":"instock","10":"shipping-taxable","11":"purchasable","12":"product-type-simple"},"jetpack_sharing_enabled":true,"_links":{"self":[{"href":"https:\/\/bushcrafter.org\/sr-latn\/wp-json\/wp\/v2\/product\/1025","targetHints":{"allow":["GET"]}}],"collection":[{"href":"https:\/\/bushcrafter.org\/sr-latn\/wp-json\/wp\/v2\/product"}],"about":[{"href":"https:\/\/bushcrafter.org\/sr-latn\/wp-json\/wp\/v2\/types\/product"}],"replies":[{"embeddable":true,"href":"https:\/\/bushcrafter.org\/sr-latn\/wp-json\/wp\/v2\/comments?post=1025"}],"wp:featuredmedia":[{"embeddable":true,"href":"https:\/\/bushcrafter.org\/sr-latn\/wp-json\/wp\/v2\/media\/700"}],"wp:attachment":[{"href":"https:\/\/bushcrafter.org\/sr-latn\/wp-json\/wp\/v2\/media?parent=1025"}],"wp:term":[{"taxonomy":"product_brand","embeddable":true,"href":"https:\/\/bushcrafter.org\/sr-latn\/wp-json\/wp\/v2\/product_brand?post=1025"},{"taxonomy":"product_cat","embeddable":true,"href":"https:\/\/bushcrafter.org\/sr-latn\/wp-json\/wp\/v2\/product_cat?post=1025"},{"taxonomy":"product_tag","embeddable":true,"href":"https:\/\/bushcrafter.org\/sr-latn\/wp-json\/wp\/v2\/product_tag?post=1025"}],"curies":[{"name":"wp","href":"https:\/\/api.w.org\/{rel}","templated":true}]}}