{"id":1017,"date":"2026-01-06T22:44:54","date_gmt":"2026-01-06T22:44:54","guid":{"rendered":"https:\/\/bushcrafter.org\/\u043f\u0440\u043e\u0438\u0437\u0432\u043e\u0434\/testera-bigboy-360-10\/"},"modified":"2026-01-06T22:44:54","modified_gmt":"2026-01-06T22:44:54","slug":"testera-bigboy-360-10","status":"publish","type":"product","link":"https:\/\/bushcrafter.org\/sr-latn\/\u043f\u0440\u043e\u0438\u0437\u0432\u043e\u0434\/testera-bigboy-360-10\/","title":{"rendered":"Testera Bigboy 360-10"},"content":{"rendered":"<h2><strong>Karakteristike<\/strong>:<\/h2>\n<ul>\n<li>Se\u010divo mora biti \u010disto kako bi zadr\u017ealo svoju efikasnost. Smola se rastvara u maslinovom ulju, koje je efikasan i ekolo\u0161ki prihvatljiv na\u010din odr\u017eavanja se\u010diva. Agresivnije te\u010dnosti mogu o\u0161tetiti gumeni materijal dr\u0161ke.  <\/li>\n<li>Kada testera nije u upotrebi, pobrinite se da uvek bude suva. \u010cuvajte testeru na suvom mestu, po\u017eeljno u odgovaraju\u0107oj futroli. <\/li>\n<\/ul>\n<h2>Tehni\u010dke informacije:<\/h2>\n<ul>\n<li class=\"li1\">Autenti\u010dni premijum japanski \u010delik<\/li>\n<li class=\"li1\">Du\u017eina se\u010diva: 360 mm<\/li>\n<li class=\"li1\">Zubi: 10 zubaca na 30 mm<\/li>\n<li class=\"li1\">Dimenzije u rasklopljenom stanju: 765 x 70 x 20 mm<\/li>\n<li class=\"li1\">Dimenzije sklopljene: 405 x 110 x 25 mm<\/li>\n<li class=\"li1\">Te\u017eina: 450 g<\/li>\n<li class=\"li1\">Prorez: 1,7 mm<\/li>\n<\/ul>\n","protected":false},"excerpt":{"rendered":"<p>Iskusite izvanredne performanse testere Bigboy! Jaka o\u0161trica du\u017eine 360 mm omogu\u0107ava da praviti duge poteze i mo\u017eete ise\u0107i debele trupce za tili \u010das. Ravna o\u0161trica je laka za upravljanje u gustoj vegetaciji i na ravnim povr\u0161inama.  <\/p>\n<p>Kori\u0161\u0107enjem ove preklopne testere sa obe ruke, ramena ostaju opu\u0161tenija, \u0161to ima fantasti\u010dan uticaj na snagu se\u010denja. Bigboy se\u010de potezom ka sebi, \u0161to deluje prirodno i zahteva minimalan napor. Tako\u0111e omogu\u0107ava izuzetnu kontrolu nad o\u0161tricom.  <\/p>\n<p>Bigboy je kompaktan i lagan. Mo\u017eete ga bez problema poneti u rancu. Na mestima gde je upotreba motorne testere zabranjena ili nepo\u017eeljna, ova brza ru\u010dna testera predstavlja odli\u010dnu alternativu. \u0160tavi\u0161e, rad sa njom je bezbedniji i ekolo\u0161ki prihvatljiviji.   <\/p>\n<p>O\u0161trica se lako sklapa i rasklapa pomo\u0107u dugmeta za zaklju\u010davanje i ima dva razli\u010dita polo\u017eaja za se\u010denje. Gumena dr\u0161ka Bigboy testere obezbe\u0111uje siguran i udoban hvat, a dovoljno je velika za kori\u0161\u0107enje sa obe ruke. Rupica na dr\u0161ci omogu\u0107ava ka\u010denje karabina ili u\u017eeta.  <\/p>\n","protected":false},"featured_media":683,"comment_status":"open","ping_status":"closed","template":"","meta":[],"product_brand":[],"product_cat":[62],"product_tag":[],"class_list":{"0":"post-1017","1":"product","2":"type-product","3":"status-publish","4":"has-post-thumbnail","6":"product_cat-silky-rucne-testere","8":"first","9":"instock","10":"shipping-taxable","11":"purchasable","12":"product-type-simple"},"jetpack_sharing_enabled":true,"_links":{"self":[{"href":"https:\/\/bushcrafter.org\/sr-latn\/wp-json\/wp\/v2\/product\/1017","targetHints":{"allow":["GET"]}}],"collection":[{"href":"https:\/\/bushcrafter.org\/sr-latn\/wp-json\/wp\/v2\/product"}],"about":[{"href":"https:\/\/bushcrafter.org\/sr-latn\/wp-json\/wp\/v2\/types\/product"}],"replies":[{"embeddable":true,"href":"https:\/\/bushcrafter.org\/sr-latn\/wp-json\/wp\/v2\/comments?post=1017"}],"wp:featuredmedia":[{"embeddable":true,"href":"https:\/\/bushcrafter.org\/sr-latn\/wp-json\/wp\/v2\/media\/683"}],"wp:attachment":[{"href":"https:\/\/bushcrafter.org\/sr-latn\/wp-json\/wp\/v2\/media?parent=1017"}],"wp:term":[{"taxonomy":"product_brand","embeddable":true,"href":"https:\/\/bushcrafter.org\/sr-latn\/wp-json\/wp\/v2\/product_brand?post=1017"},{"taxonomy":"product_cat","embeddable":true,"href":"https:\/\/bushcrafter.org\/sr-latn\/wp-json\/wp\/v2\/product_cat?post=1017"},{"taxonomy":"product_tag","embeddable":true,"href":"https:\/\/bushcrafter.org\/sr-latn\/wp-json\/wp\/v2\/product_tag?post=1017"}],"curies":[{"name":"wp","href":"https:\/\/api.w.org\/{rel}","templated":true}]}}