{"id":1013,"date":"2026-01-06T22:44:34","date_gmt":"2026-01-06T22:44:34","guid":{"rendered":"https:\/\/bushcrafter.org\/\u043f\u0440\u043e\u0438\u0437\u0432\u043e\u0434\/bigboy-2000-outback-edition-360-65mm\/"},"modified":"2026-01-06T22:44:34","modified_gmt":"2026-01-06T22:44:34","slug":"bigboy-2000-outback-edition-360-65mm","status":"publish","type":"product","link":"https:\/\/bushcrafter.org\/sr-latn\/\u043f\u0440\u043e\u0438\u0437\u0432\u043e\u0434\/bigboy-2000-outback-edition-360-65mm\/","title":{"rendered":"Bigboy 2000 Outback Edition 360-6,5mm"},"content":{"rendered":"<h2><strong>Karakteristike<\/strong>:<\/h2>\n<ul>\n<li>Se\u010divo se jednostavno mo\u017ee sklopiti i rasklopiti pomo\u0107u dugmeta za zaklju\u010davanje i ima dva razli\u010dita polo\u017eaja za testerisanje. Koristite ovu testeru sa obe ruke za izuzetnu snagu se\u010denja. <\/li>\n<li>Kompozitna ru\u010dka, napravljena je od drveta i plastike, pru\u017ea topao i udoban ose\u0107aj i vrhunsku kontrolu.<\/li>\n<li>Ru\u010dka se \u010dini kru\u0107om od uobi\u010dajene GOM gumene ru\u010dke iz Silky-a, ali nudi bolje prianjanje sa masnim supstancama.<\/li>\n<li>Bigboy 2000 Outback Edition je kompaktan, lagan i standardno dolazi sa najlonskom torbom za no\u0161enje<\/li>\n<\/ul>\n<h2>Tehni\u010dke informacije:<\/h2>\n<ul>\n<li class=\"li1\">Autenti\u010dni premijum japanski \u010delik<\/li>\n<li class=\"li1\">Du\u017eina se\u010diva: 360 mm<\/li>\n<li class=\"li1\">Zubi: 6,5 zubaca na 30 mm<\/li>\n<li class=\"li1\">Dimenzije u rasklopljenom stanju: 760 x 90 x 20 mm<\/li>\n<li class=\"li1\">Dimenzije sklopljene: 405 x 80 x 20 mm<\/li>\n<li class=\"li1\">Te\u017eina: 478 g<\/li>\n<li class=\"li1\">Prorez: 1,7 mm<\/li>\n<\/ul>\n","protected":false},"excerpt":{"rendered":"<p>Dizajn Bigboy-a 2000 je bez premca i potpuno je prilago\u0111en najvi\u0161im zahtevima lovaca i bu\u0161kraftera.<\/p>\n<p>Debeo i \u010dvrst list testere \u010dini Bigboy 2000 Outback Edition 100% otpornim na sve izazove u prirodi. Silky je naneo crni premaz od jedinstvene me\u0161avine nikla i kalaja na celo se\u010divo, uklju\u010duju\u0107i i zube. Ovo obezbe\u0111uje dug \u017eivotni vek se\u010diva i neverovatne performanse se\u010denja, ne samo u drvetu ve\u0107 i pri testerisanju kostiju. Pored toga, tamna, nereflektuju\u0107a boja \u010dini ovu testeru posebno pogodnom za takti\u010dke operacije.   <\/p>\n<p>Zakrivljeno se\u010divo bez napora \u201egrize\u201c u drvo i dr\u017ei testeru u rezu. Sa du\u017einom se\u010diva od 36 cm imate veliki domet i lako mo\u017eete da se\u010dete debla do 18 cm u pre\u010dniku. <\/p>\n","protected":false},"featured_media":673,"comment_status":"open","ping_status":"closed","template":"","meta":[],"product_brand":[],"product_cat":[62],"product_tag":[],"class_list":{"0":"post-1013","1":"product","2":"type-product","3":"status-publish","4":"has-post-thumbnail","6":"product_cat-silky-rucne-testere","8":"first","9":"instock","10":"shipping-taxable","11":"purchasable","12":"product-type-simple"},"jetpack_sharing_enabled":true,"_links":{"self":[{"href":"https:\/\/bushcrafter.org\/sr-latn\/wp-json\/wp\/v2\/product\/1013","targetHints":{"allow":["GET"]}}],"collection":[{"href":"https:\/\/bushcrafter.org\/sr-latn\/wp-json\/wp\/v2\/product"}],"about":[{"href":"https:\/\/bushcrafter.org\/sr-latn\/wp-json\/wp\/v2\/types\/product"}],"replies":[{"embeddable":true,"href":"https:\/\/bushcrafter.org\/sr-latn\/wp-json\/wp\/v2\/comments?post=1013"}],"wp:featuredmedia":[{"embeddable":true,"href":"https:\/\/bushcrafter.org\/sr-latn\/wp-json\/wp\/v2\/media\/673"}],"wp:attachment":[{"href":"https:\/\/bushcrafter.org\/sr-latn\/wp-json\/wp\/v2\/media?parent=1013"}],"wp:term":[{"taxonomy":"product_brand","embeddable":true,"href":"https:\/\/bushcrafter.org\/sr-latn\/wp-json\/wp\/v2\/product_brand?post=1013"},{"taxonomy":"product_cat","embeddable":true,"href":"https:\/\/bushcrafter.org\/sr-latn\/wp-json\/wp\/v2\/product_cat?post=1013"},{"taxonomy":"product_tag","embeddable":true,"href":"https:\/\/bushcrafter.org\/sr-latn\/wp-json\/wp\/v2\/product_tag?post=1013"}],"curies":[{"name":"wp","href":"https:\/\/api.w.org\/{rel}","templated":true}]}}