{"id":1011,"date":"2026-01-06T22:42:20","date_gmt":"2026-01-06T22:42:20","guid":{"rendered":"https:\/\/bushcrafter.org\/\u043f\u0440\u043e\u0438\u0437\u0432\u043e\u0434\/outdoor-noz-okf-380310\/"},"modified":"2026-01-06T22:42:20","modified_gmt":"2026-01-06T22:42:20","slug":"outdoor-noz-okf-380310","status":"publish","type":"product","link":"https:\/\/bushcrafter.org\/sr-latn\/\u043f\u0440\u043e\u0438\u0437\u0432\u043e\u0434\/outdoor-noz-okf-380310\/","title":{"rendered":"Outdoor no\u017e OKF &#8211; 380310"},"content":{"rendered":"<h2>Karakteristike:<\/h2>\n<ul>\n<li>O\u0161trica sa crnim premazom od ner\u0111aju\u0107eg \u010delika.<\/li>\n<li>Se\u010divo je o\u0161treno na 56-58 HRC<\/li>\n<li>O\u0161trica debljine 2,8 mm<\/li>\n<li>Reverzibilna kop\u010da za kai\u0161 za lako prilago\u0111avanje no\u0161enja no\u017ea<\/li>\n<\/ul>\n","protected":false},"excerpt":{"rendered":"<p>Sklopivi no\u017e sa aluminijumom, delovima od ner\u0111aju\u0107eg \u010delika i oblo\u017een crnom o\u0161tricom od ner\u0111aju\u0107eg \u010delika. Savr\u0161en pratilac u \u0161umi ili na ribolovu. Kompaktan dizajn sa velikom povr\u0161inom upotrebe. Jednostavno i sigurno zaklju\u010davanje se\u010diva dugmetom na bo\u010dnoj strani dr\u0161ke. Kop\u010da za remen je reverzibilna i mo\u017ee se montirati na obe strane ru\u010dke. To omogu\u0107ava da odaberete kako \u017eelite da nosite no\u017e, pri\u010dvr\u0161\u0107en za kai\u0161 ili na unutra\u0161njoj strani d\u017eepa. No\u017e se mo\u017ee koristiti zajedno sa Hultafors Fire Steel-om.      <\/p>\n","protected":false},"featured_media":668,"comment_status":"open","ping_status":"closed","template":"","meta":[],"product_brand":[],"product_cat":[66],"product_tag":[],"class_list":{"0":"post-1011","1":"product","2":"type-product","3":"status-publish","4":"has-post-thumbnail","6":"product_cat-hultafors-nozevi","8":"first","9":"instock","10":"shipping-taxable","11":"purchasable","12":"product-type-simple"},"jetpack_sharing_enabled":true,"_links":{"self":[{"href":"https:\/\/bushcrafter.org\/sr-latn\/wp-json\/wp\/v2\/product\/1011","targetHints":{"allow":["GET"]}}],"collection":[{"href":"https:\/\/bushcrafter.org\/sr-latn\/wp-json\/wp\/v2\/product"}],"about":[{"href":"https:\/\/bushcrafter.org\/sr-latn\/wp-json\/wp\/v2\/types\/product"}],"replies":[{"embeddable":true,"href":"https:\/\/bushcrafter.org\/sr-latn\/wp-json\/wp\/v2\/comments?post=1011"}],"wp:featuredmedia":[{"embeddable":true,"href":"https:\/\/bushcrafter.org\/sr-latn\/wp-json\/wp\/v2\/media\/668"}],"wp:attachment":[{"href":"https:\/\/bushcrafter.org\/sr-latn\/wp-json\/wp\/v2\/media?parent=1011"}],"wp:term":[{"taxonomy":"product_brand","embeddable":true,"href":"https:\/\/bushcrafter.org\/sr-latn\/wp-json\/wp\/v2\/product_brand?post=1011"},{"taxonomy":"product_cat","embeddable":true,"href":"https:\/\/bushcrafter.org\/sr-latn\/wp-json\/wp\/v2\/product_cat?post=1011"},{"taxonomy":"product_tag","embeddable":true,"href":"https:\/\/bushcrafter.org\/sr-latn\/wp-json\/wp\/v2\/product_tag?post=1011"}],"curies":[{"name":"wp","href":"https:\/\/api.w.org\/{rel}","templated":true}]}}